{"id":126,"date":"2019-03-23T14:11:01","date_gmt":"2019-03-23T13:11:01","guid":{"rendered":"https:\/\/www.cilas.at\/cms\/home\/"},"modified":"2025-03-26T19:39:08","modified_gmt":"2025-03-26T18:39:08","slug":"home","status":"publish","type":"page","link":"https:\/\/www.cilas.at\/fr\/","title":{"rendered":"Accueil"},"content":{"rendered":"","protected":false},"excerpt":{"rendered":"<p>\ud83c\udfe5 Services professionnels de r\u00e9daction m\u00e9dicale par CILAS. Publications scientifiques, rapports cliniques, documents r\u00e9glementaires.<\/p>\n","protected":false},"author":1,"featured_media":0,"parent":0,"menu_order":10,"comment_status":"closed","ping_status":"closed","template":"","meta":{"_acf_changed":false,"footnotes":""},"class_list":["post-126","page","type-page","status-publish","hentry"],"acf":[],"_links":{"self":[{"href":"https:\/\/www.cilas.at\/fr\/wp-json\/wp\/v2\/pages\/126","targetHints":{"allow":["GET"]}}],"collection":[{"href":"https:\/\/www.cilas.at\/fr\/wp-json\/wp\/v2\/pages"}],"about":[{"href":"https:\/\/www.cilas.at\/fr\/wp-json\/wp\/v2\/types\/page"}],"author":[{"embeddable":true,"href":"https:\/\/www.cilas.at\/fr\/wp-json\/wp\/v2\/users\/1"}],"replies":[{"embeddable":true,"href":"https:\/\/www.cilas.at\/fr\/wp-json\/wp\/v2\/comments?post=126"}],"version-history":[{"count":5,"href":"https:\/\/www.cilas.at\/fr\/wp-json\/wp\/v2\/pages\/126\/revisions"}],"predecessor-version":[{"id":1123,"href":"https:\/\/www.cilas.at\/fr\/wp-json\/wp\/v2\/pages\/126\/revisions\/1123"}],"wp:attachment":[{"href":"https:\/\/www.cilas.at\/fr\/wp-json\/wp\/v2\/media?parent=126"}],"curies":[{"name":"wp","href":"https:\/\/api.w.org\/{rel}","templated":true}]}}