{"id":130,"date":"2019-03-23T14:14:11","date_gmt":"2019-03-23T13:14:11","guid":{"rendered":"https:\/\/www.cilas.at\/cms\/profil\/"},"modified":"2025-03-26T19:47:32","modified_gmt":"2025-03-26T18:47:32","slug":"profil","status":"publish","type":"page","link":"https:\/\/www.cilas.at\/fr\/profil\/","title":{"rendered":"Profil"},"content":{"rendered":"","protected":false},"excerpt":{"rendered":"<p>Biochimiste experte en virologie, h\u00e9matologie et gestion clinique. Sp\u00e9cialis\u00e9e en communication m\u00e9dicale &#038; documents r\u00e9glementaires.<\/p>\n","protected":false},"author":1,"featured_media":0,"parent":0,"menu_order":20,"comment_status":"closed","ping_status":"closed","template":"","meta":{"_acf_changed":false,"footnotes":""},"class_list":["post-130","page","type-page","status-publish","hentry"],"acf":[],"_links":{"self":[{"href":"https:\/\/www.cilas.at\/fr\/wp-json\/wp\/v2\/pages\/130","targetHints":{"allow":["GET"]}}],"collection":[{"href":"https:\/\/www.cilas.at\/fr\/wp-json\/wp\/v2\/pages"}],"about":[{"href":"https:\/\/www.cilas.at\/fr\/wp-json\/wp\/v2\/types\/page"}],"author":[{"embeddable":true,"href":"https:\/\/www.cilas.at\/fr\/wp-json\/wp\/v2\/users\/1"}],"replies":[{"embeddable":true,"href":"https:\/\/www.cilas.at\/fr\/wp-json\/wp\/v2\/comments?post=130"}],"version-history":[{"count":6,"href":"https:\/\/www.cilas.at\/fr\/wp-json\/wp\/v2\/pages\/130\/revisions"}],"predecessor-version":[{"id":1130,"href":"https:\/\/www.cilas.at\/fr\/wp-json\/wp\/v2\/pages\/130\/revisions\/1130"}],"wp:attachment":[{"href":"https:\/\/www.cilas.at\/fr\/wp-json\/wp\/v2\/media?parent=130"}],"curies":[{"name":"wp","href":"https:\/\/api.w.org\/{rel}","templated":true}]}}